{"id":1029,"date":"2019-10-24T16:41:01","date_gmt":"2019-10-24T16:41:01","guid":{"rendered":"http:\/\/movilia.cl\/sanignacio\/?page_id=1029"},"modified":"2020-10-04T01:38:54","modified_gmt":"2020-10-04T01:38:54","slug":"actividades-curriculares-de-libre-eleccion","status":"publish","type":"page","link":"http:\/\/sanignacioconcepcion.cl\/sitio\/actividades-curriculares-de-libre-eleccion\/","title":{"rendered":"Actividades Curriculares de Libre Elecci\u00f3n"},"content":{"rendered":"<p>[vc_row thb_full_width=\u00bbtrue\u00bb thb_row_padding=\u00bbtrue\u00bb thb_column_padding=\u00bbtrue\u00bb css=\u00bb.vc_custom_1570111890857{background-image: url(http:\/\/sanignacioconcepcion.cl\/sitio\/wp-content\/uploads\/2019\/10\/banner-superior01.jpg?id=134) !important;background-position: center !important;background-repeat: no-repeat !important;background-size: cover !important;}\u00bb el_class=\u00bbbanner-superior\u00bb][vc_column][\/vc_column][\/vc_row][vc_row el_class=\u00bbcontenedor-titulo-pagina align-center\u00bb][vc_column width=\u00bb11\/12&#8243;][vc_column_text]<\/p>\n<h2>Actividades Curriculares de Libre Elecci\u00f3n<\/h2>\n<p>[\/vc_column_text][\/vc_column][\/vc_row][vc_row el_class=\u00bbalign-center\u00bb][vc_column width=\u00bb11\/12&#8243; el_class=\u00bbcontenedor-paginas-interiores\u00bb][vc_row_inner][vc_column_inner el_class=\u00bbmenu-lateral\u00bb width=\u00bb1\/4&#8243;][vc_wp_custommenu nav_menu=\u00bb15&#8243;][\/vc_column_inner][vc_column_inner el_class=\u00bbcontenedor-personal\u00bb width=\u00bb3\/4&#8243;][vc_column_text]<\/p>\n<h2>Objetivo ACLE<\/h2>\n<p>[\/vc_column_text][vc_column_text]El prop\u00f3sito de las Actividades de libre elecci\u00f3n es ofrecer a nuestros estudiantes espacios de aprendizajes que complementan la formaci\u00f3n del plan de estudio de cada nivel, las cuales contribuyen al desarrollo de los principios manifestados en el Proyecto Educativo Institucional.[\/vc_column_text][vc_column_text]<\/p>\n<h2>Participaci\u00f3n del alumno(a)<\/h2>\n<p>[\/vc_column_text][vc_column_text]Los(as) alumnos(as) de Pre K\u00ednder a Cuarto Medio, podr\u00e1n participar como m\u00e1ximo en dos (2) ACLE. La inscripci\u00f3n asegura y compromete la participaci\u00f3n de cada alumno(a) al menos durante un semestre en la actividad.[\/vc_column_text][vc_column_text]<\/p>\n<h2>Asistencia<\/h2>\n<p>[\/vc_column_text][vc_column_text]Semestralmente existir\u00e1 un control continuo de asistencia. Para mantener el cupo deber\u00e1 presentarse al menos a un 70% de asistencia en las actividades. Toda inasistencia deber\u00e1 ser justificada por el apoderado en la sesi\u00f3n siguiente a trav\u00e9s de la agenda escolar.<\/p>\n<p>El retiro durante el desarrollo de la actividad debe ser avisado y solicitado por el apoderado personalmente o por escrito.[\/vc_column_text][vc_column_text]<\/p>\n<h2>Comportamiento y Disciplina<\/h2>\n<p>[\/vc_column_text][vc_column_text]El comportamiento y disciplina de los alumnos(as) en sus respectivas Acle se regir\u00e1 por el Reglamento de Convivencia Escolar. Los alumnos y alumnas que transgredan este reglamento, podr\u00e1n ser suspendidos de la actividad moment\u00e1nea o indefinidamente.[\/vc_column_text][vc_column_text]<\/p>\n<h2>Cambio de ACLE<\/h2>\n<p>[\/vc_column_text][vc_column_text]El cambio por parte del alumno(a), de la actividad en la que participa, deber\u00e1 ser solicitado a la coordinaci\u00f3n ACLE.[\/vc_column_text][\/vc_column_inner][\/vc_row_inner][\/vc_column][\/vc_row][vc_row][vc_column][vc_empty_space height=\u00bb100px\u00bb][\/vc_column][\/vc_row]<\/p>\n","protected":false},"excerpt":{"rendered":"<p>[vc_row thb_full_width=\u00bbtrue\u00bb thb_row_padding=\u00bbtrue\u00bb thb_column_padding=\u00bbtrue\u00bb css=\u00bb.vc_custom_1570111890857{background-image: url(http:\/\/sanignacioconcepcion.cl\/sitio\/wp-content\/uploads\/2019\/10\/banner-superior01.jpg?id=134) !important;background-position: center !important;background-repeat: no-repeat !important;background-size: cover !important;}\u00bb el_class=\u00bbbanner-superior\u00bb][vc_column][\/vc_column][\/vc_row][vc_row el_class=\u00bbcontenedor-titulo-pagina align-center\u00bb][vc_column width=\u00bb11\/12&#8243;][vc_column_text] Actividades Curriculares de Libre Elecci\u00f3n [\/vc_column_text][\/vc_column][\/vc_row][vc_row el_class=\u00bbalign-center\u00bb][vc_column width=\u00bb11\/12&#8243; el_class=\u00bbcontenedor-paginas-interiores\u00bb][vc_row_inner][vc_column_inner el_class=\u00bbmenu-lateral\u00bb width=\u00bb1\/4&#8243;][vc_wp_custommenu nav_menu=\u00bb15&#8243;][\/vc_column_inner][vc_column_inner el_class=\u00bbcontenedor-personal\u00bb width=\u00bb3\/4&#8243;][vc_column_text] Objetivo ACLE [\/vc_column_text][vc_column_text]El prop\u00f3sito de las Actividades de libre elecci\u00f3n es ofrecer a nuestros estudiantes espacios de aprendizajes que complementan la formaci\u00f3n del plan&hellip;<\/p>\n","protected":false},"author":1,"featured_media":0,"parent":0,"menu_order":0,"comment_status":"closed","ping_status":"closed","template":"","meta":[],"_links":{"self":[{"href":"http:\/\/sanignacioconcepcion.cl\/sitio\/wp-json\/wp\/v2\/pages\/1029"}],"collection":[{"href":"http:\/\/sanignacioconcepcion.cl\/sitio\/wp-json\/wp\/v2\/pages"}],"about":[{"href":"http:\/\/sanignacioconcepcion.cl\/sitio\/wp-json\/wp\/v2\/types\/page"}],"author":[{"embeddable":true,"href":"http:\/\/sanignacioconcepcion.cl\/sitio\/wp-json\/wp\/v2\/users\/1"}],"replies":[{"embeddable":true,"href":"http:\/\/sanignacioconcepcion.cl\/sitio\/wp-json\/wp\/v2\/comments?post=1029"}],"version-history":[{"count":8,"href":"http:\/\/sanignacioconcepcion.cl\/sitio\/wp-json\/wp\/v2\/pages\/1029\/revisions"}],"predecessor-version":[{"id":1042,"href":"http:\/\/sanignacioconcepcion.cl\/sitio\/wp-json\/wp\/v2\/pages\/1029\/revisions\/1042"}],"wp:attachment":[{"href":"http:\/\/sanignacioconcepcion.cl\/sitio\/wp-json\/wp\/v2\/media?parent=1029"}],"curies":[{"name":"wp","href":"https:\/\/api.w.org\/{rel}","templated":true}]}}