{"id":6943,"date":"2023-09-08T14:37:03","date_gmt":"2023-09-08T14:37:03","guid":{"rendered":"https:\/\/sanignacioconcepcion.cl\/sitio\/?page_id=6943"},"modified":"2024-04-09T19:32:46","modified_gmt":"2024-04-09T19:32:46","slug":"nuestros-estudiantes","status":"publish","type":"page","link":"http:\/\/sanignacioconcepcion.cl\/sitio\/nuestros-estudiantes\/","title":{"rendered":"Nuestros Estudiantes"},"content":{"rendered":"<p>[vc_row thb_full_width=\u00bbtrue\u00bb thb_row_padding=\u00bbtrue\u00bb thb_column_padding=\u00bbtrue\u00bb css=\u00bb.vc_custom_1570111890857{background-image: url(http:\/\/sanignacioconcepcion.cl\/sitio\/wp-content\/uploads\/2019\/10\/banner-superior01.jpg?id=134) !important;background-position: center !important;background-repeat: no-repeat !important;background-size: cover !important;}\u00bb el_class=\u00bbbanner-superior\u00bb][vc_column][\/vc_column][\/vc_row][vc_row el_class=\u00bbcontenedor-titulo-pagina align-center\u00bb][vc_column width=\u00bb11\/12&#8243;][vc_column_text]<\/p>\n<h2>Nosotros<\/h2>\n<p>[\/vc_column_text][\/vc_column][\/vc_row][vc_row el_class=\u00bbalign-center\u00bb][vc_column width=\u00bb11\/12&#8243; el_class=\u00bbcontenedor-paginas-interiores\u00bb][vc_row_inner][vc_column_inner el_class=\u00bbmenu-lateral\u00bb width=\u00bb1\/4&#8243;][vc_widget_sidebar sidebar_id=\u00bbfooter4&#8243;][vc_wp_custommenu title=\u00bbNuestros Estudiantes\u00bb nav_menu=\u00bb32&#8243;][\/vc_column_inner][vc_column_inner width=\u00bb3\/4&#8243;][vc_column_text]<\/p>\n<h2>Bienvenidos al Colegio San Ignacio<\/h2>\n<p>[\/vc_column_text][vc_column_text]Somos un colegio ignaciano, que entrega una formaci\u00f3n integral de calidad a ni\u00f1os, ni\u00f1as y j\u00f3venes para el servicio y construcci\u00f3n de una sociedad inclusiva, justa y fraterna.<\/p>\n<p>137 a\u00f1os de historia avalan nuestro compromiso con nuestros alumnos, formando hombres y mujeres para los dem\u00e1s.[\/vc_column_text][vc_column_text css=\u00bb.vc_custom_1712691564187{margin-top: 20px !important;}\u00bb]<img loading=\"lazy\" class=\"alignnone wp-image-7791 size-large\" src=\"http:\/\/sanignacioconcepcion.cl\/sitio\/wp-content\/uploads\/2024\/03\/EDUCADORESIC24-1024x506.jpg\" alt=\"\" width=\"1024\" height=\"506\" srcset=\"http:\/\/sanignacioconcepcion.cl\/sitio\/wp-content\/uploads\/2024\/03\/EDUCADORESIC24-1024x506.jpg 1024w, http:\/\/sanignacioconcepcion.cl\/sitio\/wp-content\/uploads\/2024\/03\/EDUCADORESIC24-768x379.jpg 768w, http:\/\/sanignacioconcepcion.cl\/sitio\/wp-content\/uploads\/2024\/03\/EDUCADORESIC24-1536x758.jpg 1536w, http:\/\/sanignacioconcepcion.cl\/sitio\/wp-content\/uploads\/2024\/03\/EDUCADORESIC24-2048x1011.jpg 2048w, http:\/\/sanignacioconcepcion.cl\/sitio\/wp-content\/uploads\/2024\/03\/EDUCADORESIC24-600x296.jpg 600w\" sizes=\"(max-width: 1024px) 100vw, 1024px\" \/>[\/vc_column_text][\/vc_column_inner][\/vc_row_inner][\/vc_column][\/vc_row][vc_row][vc_column][vc_empty_space height=\u00bb100px\u00bb][\/vc_column][\/vc_row]<\/p>\n","protected":false},"excerpt":{"rendered":"<p>[vc_row thb_full_width=\u00bbtrue\u00bb thb_row_padding=\u00bbtrue\u00bb thb_column_padding=\u00bbtrue\u00bb css=\u00bb.vc_custom_1570111890857{background-image: url(http:\/\/sanignacioconcepcion.cl\/sitio\/wp-content\/uploads\/2019\/10\/banner-superior01.jpg?id=134) !important;background-position: center !important;background-repeat: no-repeat !important;background-size: cover !important;}\u00bb el_class=\u00bbbanner-superior\u00bb][vc_column][\/vc_column][\/vc_row][vc_row el_class=\u00bbcontenedor-titulo-pagina align-center\u00bb][vc_column width=\u00bb11\/12&#8243;][vc_column_text] Nosotros [\/vc_column_text][\/vc_column][\/vc_row][vc_row el_class=\u00bbalign-center\u00bb][vc_column width=\u00bb11\/12&#8243; el_class=\u00bbcontenedor-paginas-interiores\u00bb][vc_row_inner][vc_column_inner el_class=\u00bbmenu-lateral\u00bb width=\u00bb1\/4&#8243;][vc_widget_sidebar sidebar_id=\u00bbfooter4&#8243;][vc_wp_custommenu title=\u00bbNuestros Estudiantes\u00bb nav_menu=\u00bb32&#8243;][\/vc_column_inner][vc_column_inner width=\u00bb3\/4&#8243;][vc_column_text] Bienvenidos al Colegio San Ignacio [\/vc_column_text][vc_column_text]Somos un colegio ignaciano, que entrega una formaci\u00f3n integral de calidad a ni\u00f1os, ni\u00f1as y j\u00f3venes para el servicio y construcci\u00f3n&hellip;<\/p>\n","protected":false},"author":1,"featured_media":0,"parent":0,"menu_order":0,"comment_status":"closed","ping_status":"closed","template":"","meta":[],"_links":{"self":[{"href":"http:\/\/sanignacioconcepcion.cl\/sitio\/wp-json\/wp\/v2\/pages\/6943"}],"collection":[{"href":"http:\/\/sanignacioconcepcion.cl\/sitio\/wp-json\/wp\/v2\/pages"}],"about":[{"href":"http:\/\/sanignacioconcepcion.cl\/sitio\/wp-json\/wp\/v2\/types\/page"}],"author":[{"embeddable":true,"href":"http:\/\/sanignacioconcepcion.cl\/sitio\/wp-json\/wp\/v2\/users\/1"}],"replies":[{"embeddable":true,"href":"http:\/\/sanignacioconcepcion.cl\/sitio\/wp-json\/wp\/v2\/comments?post=6943"}],"version-history":[{"count":4,"href":"http:\/\/sanignacioconcepcion.cl\/sitio\/wp-json\/wp\/v2\/pages\/6943\/revisions"}],"predecessor-version":[{"id":7915,"href":"http:\/\/sanignacioconcepcion.cl\/sitio\/wp-json\/wp\/v2\/pages\/6943\/revisions\/7915"}],"wp:attachment":[{"href":"http:\/\/sanignacioconcepcion.cl\/sitio\/wp-json\/wp\/v2\/media?parent=6943"}],"curies":[{"name":"wp","href":"https:\/\/api.w.org\/{rel}","templated":true}]}}