{"id":765,"date":"2019-10-10T20:20:01","date_gmt":"2019-10-10T20:20:01","guid":{"rendered":"http:\/\/movilia.cl\/sanignacio\/?page_id=765"},"modified":"2022-01-05T15:26:21","modified_gmt":"2022-01-05T15:26:21","slug":"convivencia-escolar","status":"publish","type":"page","link":"http:\/\/sanignacioconcepcion.cl\/sitio\/convivencia-escolar\/","title":{"rendered":"Convivencia Escolar"},"content":{"rendered":"<p>[vc_row thb_full_width=\u00bbtrue\u00bb thb_row_padding=\u00bbtrue\u00bb thb_column_padding=\u00bbtrue\u00bb css=\u00bb.vc_custom_1570111890857{background-image: url(http:\/\/sanignacioconcepcion.cl\/sitio\/wp-content\/uploads\/2019\/10\/banner-superior01.jpg?id=134) !important;background-position: center !important;background-repeat: no-repeat !important;background-size: cover !important;}\u00bb el_class=\u00bbbanner-superior\u00bb][vc_column][\/vc_column][\/vc_row][vc_row el_class=\u00bbcontenedor-titulo-pagina align-center\u00bb][vc_column width=\u00bb11\/12&#8243;][vc_column_text]<\/p>\n<h2>Convivencia Escolar<\/h2>\n<p>[\/vc_column_text][\/vc_column][\/vc_row][vc_row el_class=\u00bbalign-center\u00bb][vc_column width=\u00bb11\/12&#8243; el_class=\u00bbcontenedor-paginas-interiores\u00bb][vc_row_inner][vc_column_inner el_class=\u00bbmenu-lateral\u00bb width=\u00bb1\/4&#8243;][vc_wp_custommenu nav_menu=\u00bb10&#8243;][\/vc_column_inner][vc_column_inner el_class=\u00bbcontenedor-personal\u00bb width=\u00bb3\/4&#8243;][vc_column_text]<\/p>\n<h2>Convivencia escolar San Ignacio<\/h2>\n<p>[\/vc_column_text][vc_column_text]<\/p>\n<p class=\"p1\">De acuerdo a la&nbsp;<b>Pol\u00edtica Nacional de Convivencia Escolar<\/b>, promulgada el a\u00f1o 2002 por el&nbsp;<b>MINEDUC<\/b>&nbsp;y actualizada el a\u00f1o 2015, se entiende que la educaci\u00f3n en convivencia escolar permite el desarrollo de competencias ciudadanas en los ni\u00f1os, ni\u00f1as y j\u00f3venes que les permitir\u00e1n desenvolverse y participar activamente en la sociedad, llegar a ser agentes de cambio y de transformaci\u00f3n y adem\u00e1s, ser capaces de establecer relaciones interpersonales respetuosas para contribuir a la construcci\u00f3n de una sociedad m\u00e1s justa, equitativa y tolerante.<\/p>\n<p class=\"p1\">En este contexto, el Colegio San Ignacio sistematiza los diferentes elementos esenciales para la gesti\u00f3n y, sobre todo, para la educaci\u00f3n en&nbsp;<b>Convivencia Escolar<\/b>, conforme a la normativa vigente y en l\u00ednea con su Proyecto Educativo Institucional.&nbsp;<b>En lo concreto<\/b>, a trav\u00e9s de documentos tales como; el Reglamento de Convivencia Escolar y diversos protocolos de actuaci\u00f3n y&nbsp;<b>en lo estrat\u00e9gico<\/b>, a trav\u00e9s de la conformaci\u00f3n y participaci\u00f3n de los Consejos Escolares, el nombramiento de una Encargada de Convivencia Escolar y su equipo de apoyo y en la elaboraci\u00f3n de un Plan de Gesti\u00f3n anual para la Convivencia Escolar preventivo, propositivo y vinculante.<\/p>\n<p>[\/vc_column_text]\t<div id=\"thb-team-79\" class=\"thb-team-row\">\n\t\t<div class=\"row style1\" data-columns=\"medium-4 large-3\" data-center=\"true\" data-navigation=\"true\">\n\t\t\t\t<div class=\"thb-team-member small-12 medium-4 large-3 columns member_style2\">\n\t\t<img width=\"600\" height=\"700\" src=\"http:\/\/sanignacioconcepcion.cl\/sitio\/wp-content\/uploads\/2022\/01\/JMORA.jpg\" class=\"attachment-full\" alt=\"\" loading=\"lazy\" \/>\t\t\t\t\t<div class=\"team-information\">\n\t\t\t\t<h6>Jos\u00e9 Mora<\/h6>\n\t\t\t\t<p class=\"job-title\">Encargado de Convivencia Escolar<\/p>\n\t\t\t\t\t\t\t\t<div class=\"thb-description\"><div class=\"email\"><br \/>\n\t<a href=\"&#x6d;&#x61;&#x69;&#x6c;&#x74;&#x6f;&#x3a;&#x6a;&#109;&#111;&#114;&#97;&#64;&#99;&#111;legi&#x6f;&#x73;&#x69;&#x63;&#x2e;&#x63;&#x6c;\" target=\"_top\"><br \/>\n\t\t<i class=\"vc_btn3-icon fa fa-envelope\"><\/i><br \/>\n\t<\/a><br \/>\n<\/div><\/div>\n\t\t\t\t\t\t\t<\/div>\n\t\t\t<\/div>\n\t\t\t<\/div>\n\t<\/div>\n\t[\/vc_column_inner][\/vc_row_inner][\/vc_column][\/vc_row][vc_row][vc_column][vc_empty_space height=\u00bb100px\u00bb][\/vc_column][\/vc_row]<\/p>\n","protected":false},"excerpt":{"rendered":"<p>[vc_row thb_full_width=\u00bbtrue\u00bb thb_row_padding=\u00bbtrue\u00bb thb_column_padding=\u00bbtrue\u00bb css=\u00bb.vc_custom_1570111890857{background-image: url(http:\/\/sanignacioconcepcion.cl\/sitio\/wp-content\/uploads\/2019\/10\/banner-superior01.jpg?id=134) !important;background-position: center !important;background-repeat: no-repeat !important;background-size: cover !important;}\u00bb el_class=\u00bbbanner-superior\u00bb][vc_column][\/vc_column][\/vc_row][vc_row el_class=\u00bbcontenedor-titulo-pagina align-center\u00bb][vc_column width=\u00bb11\/12&#8243;][vc_column_text] Convivencia Escolar [\/vc_column_text][\/vc_column][\/vc_row][vc_row el_class=\u00bbalign-center\u00bb][vc_column width=\u00bb11\/12&#8243; el_class=\u00bbcontenedor-paginas-interiores\u00bb][vc_row_inner][vc_column_inner el_class=\u00bbmenu-lateral\u00bb width=\u00bb1\/4&#8243;][vc_wp_custommenu nav_menu=\u00bb10&#8243;][\/vc_column_inner][vc_column_inner el_class=\u00bbcontenedor-personal\u00bb width=\u00bb3\/4&#8243;][vc_column_text] Convivencia escolar San Ignacio [\/vc_column_text][vc_column_text] De acuerdo a la&nbsp;Pol\u00edtica Nacional de Convivencia Escolar, promulgada el a\u00f1o 2002 por el&nbsp;MINEDUC&nbsp;y actualizada el a\u00f1o 2015, se entiende que la&hellip;<\/p>\n","protected":false},"author":1,"featured_media":0,"parent":0,"menu_order":0,"comment_status":"closed","ping_status":"closed","template":"","meta":[],"_links":{"self":[{"href":"http:\/\/sanignacioconcepcion.cl\/sitio\/wp-json\/wp\/v2\/pages\/765"}],"collection":[{"href":"http:\/\/sanignacioconcepcion.cl\/sitio\/wp-json\/wp\/v2\/pages"}],"about":[{"href":"http:\/\/sanignacioconcepcion.cl\/sitio\/wp-json\/wp\/v2\/types\/page"}],"author":[{"embeddable":true,"href":"http:\/\/sanignacioconcepcion.cl\/sitio\/wp-json\/wp\/v2\/users\/1"}],"replies":[{"embeddable":true,"href":"http:\/\/sanignacioconcepcion.cl\/sitio\/wp-json\/wp\/v2\/comments?post=765"}],"version-history":[{"count":11,"href":"http:\/\/sanignacioconcepcion.cl\/sitio\/wp-json\/wp\/v2\/pages\/765\/revisions"}],"predecessor-version":[{"id":4046,"href":"http:\/\/sanignacioconcepcion.cl\/sitio\/wp-json\/wp\/v2\/pages\/765\/revisions\/4046"}],"wp:attachment":[{"href":"http:\/\/sanignacioconcepcion.cl\/sitio\/wp-json\/wp\/v2\/media?parent=765"}],"curies":[{"name":"wp","href":"https:\/\/api.w.org\/{rel}","templated":true}]}}