{"id":789,"date":"2019-10-11T19:12:08","date_gmt":"2019-10-11T19:12:08","guid":{"rendered":"http:\/\/movilia.cl\/sanignacio\/?page_id=789"},"modified":"2021-04-01T13:24:37","modified_gmt":"2021-04-01T13:24:37","slug":"circular-no2-convivencia-escolar","status":"publish","type":"page","link":"http:\/\/sanignacioconcepcion.cl\/sitio\/convivencia-escolar\/circular-no2-convivencia-escolar\/","title":{"rendered":"Uso de espacios comunes"},"content":{"rendered":"<p>[vc_row thb_full_width=\u00bbtrue\u00bb thb_row_padding=\u00bbtrue\u00bb thb_column_padding=\u00bbtrue\u00bb css=\u00bb.vc_custom_1570111890857{background-image: url(http:\/\/sanignacioconcepcion.cl\/sitio\/wp-content\/uploads\/2019\/10\/banner-superior01.jpg?id=134) !important;background-position: center !important;background-repeat: no-repeat !important;background-size: cover !important;}\u00bb el_class=\u00bbbanner-superior\u00bb][vc_column][\/vc_column][\/vc_row][vc_row el_class=\u00bbcontenedor-titulo-pagina align-center\u00bb][vc_column width=\u00bb11\/12&#8243;][vc_column_text]<\/p>\n<h2>Uso de espacios comunes<\/h2>\n<p>[\/vc_column_text][\/vc_column][\/vc_row][vc_row el_class=\u00bbbreadcrumbs-contenedor align-center\u00bb][vc_column][vc_widget_sidebar sidebar_id=\u00bbfooter6&#8243;][\/vc_column][\/vc_row][vc_row el_class=\u00bbalign-center\u00bb][vc_column width=\u00bb3\/4&#8243; el_class=\u00bbcontenedor-paginas-interiores\u00bb][vc_column_text]Estimados estudiantes y miembros de la comunidad educativa en general:<br \/>\nLuego de que ha transcurrido una semana de clases, hemos notado que hay una favorable recepci\u00f3n a las mejoras que se realizaron en los espacios comunes y que, en general, ha habido una muy buena disposici\u00f3n a colaborar en el cuidado que implica la presencia de los cursos menores en los momentos de recreo.<\/p>\n<p>En la misma l\u00ednea del respeto y cuidado con los dem\u00e1s es que solicitamos a los estudiantes que ocupan la cancha de b\u00e1squetbol, hacerlo s\u00f3lo durante el tiempo destinado al almuerzo, pues esta actividad es la que constituye mayor riesgo por el tipo de implemento y la vehemencia con que se realiza el juego.<\/p>\n<p>Confiamos en la acogida que todos y todas har\u00e1n a esta solicitud para que sigamos disfrutando de la posibilidad de compartir la formaci\u00f3n de los m\u00e1s peque\u00f1os a trav\u00e9s del ejemplo.<\/p>\n<p>Atentamente,<br \/>\nJos\u00e9 Mora<br \/>\nEncargado de Convivencia Escolar[\/vc_column_text][\/vc_column][\/vc_row][vc_row][vc_column][vc_empty_space height=\u00bb100px\u00bb][\/vc_column][\/vc_row]<\/p>\n","protected":false},"excerpt":{"rendered":"<p>[vc_row thb_full_width=\u00bbtrue\u00bb thb_row_padding=\u00bbtrue\u00bb thb_column_padding=\u00bbtrue\u00bb css=\u00bb.vc_custom_1570111890857{background-image: url(http:\/\/sanignacioconcepcion.cl\/sitio\/wp-content\/uploads\/2019\/10\/banner-superior01.jpg?id=134) !important;background-position: center !important;background-repeat: no-repeat !important;background-size: cover !important;}\u00bb el_class=\u00bbbanner-superior\u00bb][vc_column][\/vc_column][\/vc_row][vc_row el_class=\u00bbcontenedor-titulo-pagina align-center\u00bb][vc_column width=\u00bb11\/12&#8243;][vc_column_text] Uso de espacios comunes [\/vc_column_text][\/vc_column][\/vc_row][vc_row el_class=\u00bbbreadcrumbs-contenedor align-center\u00bb][vc_column][vc_widget_sidebar sidebar_id=\u00bbfooter6&#8243;][\/vc_column][\/vc_row][vc_row el_class=\u00bbalign-center\u00bb][vc_column width=\u00bb3\/4&#8243; el_class=\u00bbcontenedor-paginas-interiores\u00bb][vc_column_text]Estimados estudiantes y miembros de la comunidad educativa en general: Luego de que ha transcurrido una semana de clases, hemos notado que hay una favorable recepci\u00f3n a las&hellip;<\/p>\n","protected":false},"author":1,"featured_media":0,"parent":765,"menu_order":0,"comment_status":"closed","ping_status":"closed","template":"","meta":[],"_links":{"self":[{"href":"http:\/\/sanignacioconcepcion.cl\/sitio\/wp-json\/wp\/v2\/pages\/789"}],"collection":[{"href":"http:\/\/sanignacioconcepcion.cl\/sitio\/wp-json\/wp\/v2\/pages"}],"about":[{"href":"http:\/\/sanignacioconcepcion.cl\/sitio\/wp-json\/wp\/v2\/types\/page"}],"author":[{"embeddable":true,"href":"http:\/\/sanignacioconcepcion.cl\/sitio\/wp-json\/wp\/v2\/users\/1"}],"replies":[{"embeddable":true,"href":"http:\/\/sanignacioconcepcion.cl\/sitio\/wp-json\/wp\/v2\/comments?post=789"}],"version-history":[{"count":5,"href":"http:\/\/sanignacioconcepcion.cl\/sitio\/wp-json\/wp\/v2\/pages\/789\/revisions"}],"predecessor-version":[{"id":1737,"href":"http:\/\/sanignacioconcepcion.cl\/sitio\/wp-json\/wp\/v2\/pages\/789\/revisions\/1737"}],"up":[{"embeddable":true,"href":"http:\/\/sanignacioconcepcion.cl\/sitio\/wp-json\/wp\/v2\/pages\/765"}],"wp:attachment":[{"href":"http:\/\/sanignacioconcepcion.cl\/sitio\/wp-json\/wp\/v2\/media?parent=789"}],"curies":[{"name":"wp","href":"https:\/\/api.w.org\/{rel}","templated":true}]}}